{"id":119,"date":"2024-02-03T14:55:07","date_gmt":"2024-02-03T17:55:07","guid":{"rendered":"https:\/\/novo.athiewohnrath.com.br\/?page_id=119"},"modified":"2024-02-03T14:56:24","modified_gmt":"2024-02-03T17:56:24","slug":"atuacao-construcao","status":"publish","type":"page","link":"https:\/\/www.athiewohnrath.com.br\/en\/atuacao-construcao\/","title":{"rendered":"Atua\u00e7\u00e3o &#8211; Constru\u00e7\u00e3o"},"content":{"rendered":"","protected":false},"excerpt":{"rendered":"","protected":false},"author":2,"featured_media":0,"parent":0,"menu_order":0,"comment_status":"closed","ping_status":"closed","template":"template-atuacao-construcao.php","meta":{"footnotes":""},"class_list":["post-119","page","type-page","status-publish","hentry"],"yoast_head":"<!-- This site is optimized with the Yoast SEO plugin v22.4 - https:\/\/yoast.com\/wordpress\/plugins\/seo\/ -->\n<title>Atua\u00e7\u00e3o - Constru\u00e7\u00e3o - Athi\u00e9 | Wohnrath<\/title>\n<meta name=\"robots\" content=\"index, follow, max-snippet:-1, max-image-preview:large, max-video-preview:-1\" \/>\n<link rel=\"canonical\" href=\"https:\/\/www.athiewohnrath.com.br\/en\/atuacao-construcao\/\" \/>\n<meta property=\"og:locale\" content=\"en_US\" \/>\n<meta property=\"og:type\" content=\"article\" \/>\n<meta property=\"og:title\" content=\"Atua\u00e7\u00e3o - Constru\u00e7\u00e3o - Athi\u00e9 | Wohnrath\" \/>\n<meta property=\"og:url\" content=\"https:\/\/www.athiewohnrath.com.br\/en\/atuacao-construcao\/\" \/>\n<meta property=\"og:site_name\" content=\"Athi\u00e9 | Wohnrath\" \/>\n<meta property=\"article:modified_time\" content=\"2024-02-03T17:56:24+00:00\" \/>\n<meta name=\"twitter:card\" content=\"summary_large_image\" \/>\n<script type=\"application\/ld+json\" class=\"yoast-schema-graph\">{\"@context\":\"https:\/\/schema.org\",\"@graph\":[{\"@type\":\"WebPage\",\"@id\":\"https:\/\/www.athiewohnrath.com.br\/atuacao-construcao\/\",\"url\":\"https:\/\/www.athiewohnrath.com.br\/atuacao-construcao\/\",\"name\":\"Atua\u00e7\u00e3o - Constru\u00e7\u00e3o - Athi\u00e9 | Wohnrath\",\"isPartOf\":{\"@id\":\"https:\/\/www.athiewohnrath.com.br\/#website\"},\"datePublished\":\"2024-02-03T17:55:07+00:00\",\"dateModified\":\"2024-02-03T17:56:24+00:00\",\"breadcrumb\":{\"@id\":\"https:\/\/www.athiewohnrath.com.br\/atuacao-construcao\/#breadcrumb\"},\"inLanguage\":\"en-US\",\"potentialAction\":[{\"@type\":\"ReadAction\",\"target\":[\"https:\/\/www.athiewohnrath.com.br\/atuacao-construcao\/\"]}]},{\"@type\":\"BreadcrumbList\",\"@id\":\"https:\/\/www.athiewohnrath.com.br\/atuacao-construcao\/#breadcrumb\",\"itemListElement\":[{\"@type\":\"ListItem\",\"position\":1,\"name\":\"In\u00edcio\",\"item\":\"https:\/\/www.athiewohnrath.com.br\/\"},{\"@type\":\"ListItem\",\"position\":2,\"name\":\"Atua\u00e7\u00e3o &#8211; Constru\u00e7\u00e3o\"}]},{\"@type\":\"WebSite\",\"@id\":\"https:\/\/www.athiewohnrath.com.br\/#website\",\"url\":\"https:\/\/www.athiewohnrath.com.br\/\",\"name\":\"Athi\u00e9 | Wohnrath\",\"description\":\"Inspire-se.\",\"potentialAction\":[{\"@type\":\"SearchAction\",\"target\":{\"@type\":\"EntryPoint\",\"urlTemplate\":\"https:\/\/www.athiewohnrath.com.br\/?s={search_term_string}\"},\"query-input\":\"required name=search_term_string\"}],\"inLanguage\":\"en-US\"}]}<\/script>\n<!-- \/ Yoast SEO plugin. -->","yoast_head_json":{"title":"Atua\u00e7\u00e3o - Constru\u00e7\u00e3o - Athi\u00e9 | Wohnrath","robots":{"index":"index","follow":"follow","max-snippet":"max-snippet:-1","max-image-preview":"max-image-preview:large","max-video-preview":"max-video-preview:-1"},"canonical":"https:\/\/www.athiewohnrath.com.br\/en\/atuacao-construcao\/","og_locale":"en_US","og_type":"article","og_title":"Atua\u00e7\u00e3o - Constru\u00e7\u00e3o - Athi\u00e9 | Wohnrath","og_url":"https:\/\/www.athiewohnrath.com.br\/en\/atuacao-construcao\/","og_site_name":"Athi\u00e9 | Wohnrath","article_modified_time":"2024-02-03T17:56:24+00:00","twitter_card":"summary_large_image","schema":{"@context":"https:\/\/schema.org","@graph":[{"@type":"WebPage","@id":"https:\/\/www.athiewohnrath.com.br\/atuacao-construcao\/","url":"https:\/\/www.athiewohnrath.com.br\/atuacao-construcao\/","name":"Atua\u00e7\u00e3o - Constru\u00e7\u00e3o - Athi\u00e9 | Wohnrath","isPartOf":{"@id":"https:\/\/www.athiewohnrath.com.br\/#website"},"datePublished":"2024-02-03T17:55:07+00:00","dateModified":"2024-02-03T17:56:24+00:00","breadcrumb":{"@id":"https:\/\/www.athiewohnrath.com.br\/atuacao-construcao\/#breadcrumb"},"inLanguage":"en-US","potentialAction":[{"@type":"ReadAction","target":["https:\/\/www.athiewohnrath.com.br\/atuacao-construcao\/"]}]},{"@type":"BreadcrumbList","@id":"https:\/\/www.athiewohnrath.com.br\/atuacao-construcao\/#breadcrumb","itemListElement":[{"@type":"ListItem","position":1,"name":"In\u00edcio","item":"https:\/\/www.athiewohnrath.com.br\/"},{"@type":"ListItem","position":2,"name":"Atua\u00e7\u00e3o &#8211; Constru\u00e7\u00e3o"}]},{"@type":"WebSite","@id":"https:\/\/www.athiewohnrath.com.br\/#website","url":"https:\/\/www.athiewohnrath.com.br\/","name":"Athi\u00e9 | Wohnrath","description":"Inspire-se.","potentialAction":[{"@type":"SearchAction","target":{"@type":"EntryPoint","urlTemplate":"https:\/\/www.athiewohnrath.com.br\/?s={search_term_string}"},"query-input":"required name=search_term_string"}],"inLanguage":"en-US"}]}},"_links":{"self":[{"href":"https:\/\/www.athiewohnrath.com.br\/en\/wp-json\/wp\/v2\/pages\/119","targetHints":{"allow":["GET"]}}],"collection":[{"href":"https:\/\/www.athiewohnrath.com.br\/en\/wp-json\/wp\/v2\/pages"}],"about":[{"href":"https:\/\/www.athiewohnrath.com.br\/en\/wp-json\/wp\/v2\/types\/page"}],"author":[{"embeddable":true,"href":"https:\/\/www.athiewohnrath.com.br\/en\/wp-json\/wp\/v2\/users\/2"}],"replies":[{"embeddable":true,"href":"https:\/\/www.athiewohnrath.com.br\/en\/wp-json\/wp\/v2\/comments?post=119"}],"version-history":[{"count":2,"href":"https:\/\/www.athiewohnrath.com.br\/en\/wp-json\/wp\/v2\/pages\/119\/revisions"}],"predecessor-version":[{"id":122,"href":"https:\/\/www.athiewohnrath.com.br\/en\/wp-json\/wp\/v2\/pages\/119\/revisions\/122"}],"wp:attachment":[{"href":"https:\/\/www.athiewohnrath.com.br\/en\/wp-json\/wp\/v2\/media?parent=119"}],"curies":[{"name":"wp","href":"https:\/\/api.w.org\/{rel}","templated":true}]}}