{"id":21802,"date":"2026-01-29T12:33:53","date_gmt":"2026-01-29T15:33:53","guid":{"rendered":"https:\/\/www.athiewohnrath.com.br\/?page_id=21802"},"modified":"2026-02-18T12:13:51","modified_gmt":"2026-02-18T15:13:51","slug":"atuacao-biomi","status":"publish","type":"page","link":"https:\/\/www.athiewohnrath.com.br\/en\/atuacao-biomi\/","title":{"rendered":"Atua\u00e7\u00e3o &#8211; Biomi"},"content":{"rendered":"","protected":false},"excerpt":{"rendered":"","protected":false},"author":10,"featured_media":0,"parent":0,"menu_order":0,"comment_status":"closed","ping_status":"closed","template":"template-atuacao-biomi.php","meta":{"footnotes":""},"class_list":["post-21802","page","type-page","status-publish","hentry"],"yoast_head":"<!-- This site is optimized with the Yoast SEO plugin v22.4 - https:\/\/yoast.com\/wordpress\/plugins\/seo\/ -->\n<title>Atua\u00e7\u00e3o - Biomi - Athi\u00e9 | Wohnrath<\/title>\n<meta name=\"robots\" content=\"index, follow, max-snippet:-1, max-image-preview:large, max-video-preview:-1\" \/>\n<link rel=\"canonical\" href=\"https:\/\/www.athiewohnrath.com.br\/en\/atuacao-biomi\/\" \/>\n<meta property=\"og:locale\" content=\"en_US\" \/>\n<meta property=\"og:type\" content=\"article\" \/>\n<meta property=\"og:title\" content=\"Atua\u00e7\u00e3o - Biomi - Athi\u00e9 | Wohnrath\" \/>\n<meta property=\"og:url\" content=\"https:\/\/www.athiewohnrath.com.br\/en\/atuacao-biomi\/\" \/>\n<meta property=\"og:site_name\" content=\"Athi\u00e9 | Wohnrath\" \/>\n<meta property=\"article:modified_time\" content=\"2026-02-18T15:13:51+00:00\" \/>\n<meta name=\"twitter:card\" content=\"summary_large_image\" \/>\n<script type=\"application\/ld+json\" class=\"yoast-schema-graph\">{\"@context\":\"https:\/\/schema.org\",\"@graph\":[{\"@type\":\"WebPage\",\"@id\":\"https:\/\/www.athiewohnrath.com.br\/atuacao-biomi\/\",\"url\":\"https:\/\/www.athiewohnrath.com.br\/atuacao-biomi\/\",\"name\":\"Atua\u00e7\u00e3o - Biomi - Athi\u00e9 | Wohnrath\",\"isPartOf\":{\"@id\":\"https:\/\/www.athiewohnrath.com.br\/#website\"},\"datePublished\":\"2026-01-29T15:33:53+00:00\",\"dateModified\":\"2026-02-18T15:13:51+00:00\",\"breadcrumb\":{\"@id\":\"https:\/\/www.athiewohnrath.com.br\/atuacao-biomi\/#breadcrumb\"},\"inLanguage\":\"en-US\",\"potentialAction\":[{\"@type\":\"ReadAction\",\"target\":[\"https:\/\/www.athiewohnrath.com.br\/atuacao-biomi\/\"]}]},{\"@type\":\"BreadcrumbList\",\"@id\":\"https:\/\/www.athiewohnrath.com.br\/atuacao-biomi\/#breadcrumb\",\"itemListElement\":[{\"@type\":\"ListItem\",\"position\":1,\"name\":\"In\u00edcio\",\"item\":\"https:\/\/www.athiewohnrath.com.br\/\"},{\"@type\":\"ListItem\",\"position\":2,\"name\":\"Atua\u00e7\u00e3o &#8211; Biomi\"}]},{\"@type\":\"WebSite\",\"@id\":\"https:\/\/www.athiewohnrath.com.br\/#website\",\"url\":\"https:\/\/www.athiewohnrath.com.br\/\",\"name\":\"Athi\u00e9 | Wohnrath\",\"description\":\"Inspire-se.\",\"potentialAction\":[{\"@type\":\"SearchAction\",\"target\":{\"@type\":\"EntryPoint\",\"urlTemplate\":\"https:\/\/www.athiewohnrath.com.br\/?s={search_term_string}\"},\"query-input\":\"required name=search_term_string\"}],\"inLanguage\":\"en-US\"}]}<\/script>\n<!-- \/ Yoast SEO plugin. -->","yoast_head_json":{"title":"Atua\u00e7\u00e3o - Biomi - Athi\u00e9 | Wohnrath","robots":{"index":"index","follow":"follow","max-snippet":"max-snippet:-1","max-image-preview":"max-image-preview:large","max-video-preview":"max-video-preview:-1"},"canonical":"https:\/\/www.athiewohnrath.com.br\/en\/atuacao-biomi\/","og_locale":"en_US","og_type":"article","og_title":"Atua\u00e7\u00e3o - Biomi - Athi\u00e9 | Wohnrath","og_url":"https:\/\/www.athiewohnrath.com.br\/en\/atuacao-biomi\/","og_site_name":"Athi\u00e9 | Wohnrath","article_modified_time":"2026-02-18T15:13:51+00:00","twitter_card":"summary_large_image","schema":{"@context":"https:\/\/schema.org","@graph":[{"@type":"WebPage","@id":"https:\/\/www.athiewohnrath.com.br\/atuacao-biomi\/","url":"https:\/\/www.athiewohnrath.com.br\/atuacao-biomi\/","name":"Atua\u00e7\u00e3o - Biomi - Athi\u00e9 | Wohnrath","isPartOf":{"@id":"https:\/\/www.athiewohnrath.com.br\/#website"},"datePublished":"2026-01-29T15:33:53+00:00","dateModified":"2026-02-18T15:13:51+00:00","breadcrumb":{"@id":"https:\/\/www.athiewohnrath.com.br\/atuacao-biomi\/#breadcrumb"},"inLanguage":"en-US","potentialAction":[{"@type":"ReadAction","target":["https:\/\/www.athiewohnrath.com.br\/atuacao-biomi\/"]}]},{"@type":"BreadcrumbList","@id":"https:\/\/www.athiewohnrath.com.br\/atuacao-biomi\/#breadcrumb","itemListElement":[{"@type":"ListItem","position":1,"name":"In\u00edcio","item":"https:\/\/www.athiewohnrath.com.br\/"},{"@type":"ListItem","position":2,"name":"Atua\u00e7\u00e3o &#8211; Biomi"}]},{"@type":"WebSite","@id":"https:\/\/www.athiewohnrath.com.br\/#website","url":"https:\/\/www.athiewohnrath.com.br\/","name":"Athi\u00e9 | Wohnrath","description":"Inspire-se.","potentialAction":[{"@type":"SearchAction","target":{"@type":"EntryPoint","urlTemplate":"https:\/\/www.athiewohnrath.com.br\/?s={search_term_string}"},"query-input":"required name=search_term_string"}],"inLanguage":"en-US"}]}},"_links":{"self":[{"href":"https:\/\/www.athiewohnrath.com.br\/en\/wp-json\/wp\/v2\/pages\/21802","targetHints":{"allow":["GET"]}}],"collection":[{"href":"https:\/\/www.athiewohnrath.com.br\/en\/wp-json\/wp\/v2\/pages"}],"about":[{"href":"https:\/\/www.athiewohnrath.com.br\/en\/wp-json\/wp\/v2\/types\/page"}],"author":[{"embeddable":true,"href":"https:\/\/www.athiewohnrath.com.br\/en\/wp-json\/wp\/v2\/users\/10"}],"replies":[{"embeddable":true,"href":"https:\/\/www.athiewohnrath.com.br\/en\/wp-json\/wp\/v2\/comments?post=21802"}],"version-history":[{"count":5,"href":"https:\/\/www.athiewohnrath.com.br\/en\/wp-json\/wp\/v2\/pages\/21802\/revisions"}],"predecessor-version":[{"id":22033,"href":"https:\/\/www.athiewohnrath.com.br\/en\/wp-json\/wp\/v2\/pages\/21802\/revisions\/22033"}],"wp:attachment":[{"href":"https:\/\/www.athiewohnrath.com.br\/en\/wp-json\/wp\/v2\/media?parent=21802"}],"curies":[{"name":"wp","href":"https:\/\/api.w.org\/{rel}","templated":true}]}}